{"id":3,"date":"2025-04-21T18:51:22","date_gmt":"2025-04-21T16:51:22","guid":{"rendered":"http:\/\/ferienhaus.leize.de\/?page_id=3"},"modified":"2025-04-21T19:57:32","modified_gmt":"2025-04-21T17:57:32","slug":"datenschutzerklaerung","status":"publish","type":"page","link":"https:\/\/ferienhaus.leize.de\/?page_id=3","title":{"rendered":"Datenschutzerkl\u00e4rung"},"content":{"rendered":"\n<h2 class=\"wp-block-heading\">Wer wir sind<\/h2>\n\n\n\n<p>Die Adresse unserer Website ist: https:\/\/ferienhaus.leize.de.<br>Verantwortlicher ist Simon Leize, simon@leize.de <\/p>\n\n\n\n<h2 class=\"wp-block-heading\">Was wir speichern<\/h2>\n\n\n\n<p>Wir verwenden nur Cookies, die f\u00fcr den Betrieb der Seite notwendig sind. Diese speichern die Einstellungen f\u00fcr jeden Besucher. <\/p>\n\n\n\n<p>Rechtsgrundlage daf\u00fcr ist Artikel 6 (1) f der EU-DSGVO. <\/p>\n\n\n\n<p>Von Nutzern dieser Seite, die sich nicht registrieren und keine Kommentare schreiben (beides ist im Moment nicht vorgesehen) verarbeiten wir sonst keine Daten. <\/p>\n\n\n\n<p>Wir leiten keine Daten an Dritte weiter. <\/p>\n\n\n\n<p>Aufsichtsbeh\u00f6rde ist der Landesbeauftragte f\u00fcr den Datenschutz und die Informationsfreiheit Baden-W\u00fcrttemberg,<br><a href=\"https:\/\/www.baden-wuerttemberg.datenschutz.de\/kontakt-aufnehmen\/\">https:\/\/www.baden-wuerttemberg.datenschutz.de\/kontakt-aufnehmen\/<\/a> <\/p>\n\n\n\n<p><\/p>\n","protected":false},"excerpt":{"rendered":"<p>Wer wir sind Die Adresse unserer Website ist: https:\/\/ferienhaus.leize.de.Verantwortlicher ist Simon Leize, simon@leize.de Was wir speichern Wir verwenden nur Cookies, die f\u00fcr den Betrieb der Seite notwendig sind. Diese speichern die Einstellungen f\u00fcr jeden Besucher. Rechtsgrundlage daf\u00fcr ist Artikel 6 (1) f der EU-DSGVO. Von Nutzern dieser Seite, die sich nicht registrieren und keine Kommentare [&hellip;]<\/p>\n","protected":false},"author":1,"featured_media":0,"parent":0,"menu_order":20,"comment_status":"closed","ping_status":"open","template":"","meta":{"footnotes":""},"class_list":["post-3","page","type-page","status-publish","hentry"],"_links":{"self":[{"href":"https:\/\/ferienhaus.leize.de\/index.php?rest_route=\/wp\/v2\/pages\/3","targetHints":{"allow":["GET"]}}],"collection":[{"href":"https:\/\/ferienhaus.leize.de\/index.php?rest_route=\/wp\/v2\/pages"}],"about":[{"href":"https:\/\/ferienhaus.leize.de\/index.php?rest_route=\/wp\/v2\/types\/page"}],"author":[{"embeddable":true,"href":"https:\/\/ferienhaus.leize.de\/index.php?rest_route=\/wp\/v2\/users\/1"}],"replies":[{"embeddable":true,"href":"https:\/\/ferienhaus.leize.de\/index.php?rest_route=%2Fwp%2Fv2%2Fcomments&post=3"}],"version-history":[{"count":2,"href":"https:\/\/ferienhaus.leize.de\/index.php?rest_route=\/wp\/v2\/pages\/3\/revisions"}],"predecessor-version":[{"id":14,"href":"https:\/\/ferienhaus.leize.de\/index.php?rest_route=\/wp\/v2\/pages\/3\/revisions\/14"}],"wp:attachment":[{"href":"https:\/\/ferienhaus.leize.de\/index.php?rest_route=%2Fwp%2Fv2%2Fmedia&parent=3"}],"curies":[{"name":"wp","href":"https:\/\/api.w.org\/{rel}","templated":true}]}}